{"id":1773,"date":"2016-11-06T20:01:45","date_gmt":"2016-11-06T20:01:45","guid":{"rendered":"http:\/\/www.sowatch.deib.polimi.it\/?page_id=1773"},"modified":"2018-04-27T10:28:15","modified_gmt":"2018-04-27T10:28:15","slug":"politecnico-di-milano","status":"publish","type":"page","link":"https:\/\/www.sowatch.deib.polimi.it\/?page_id=1773","title":{"rendered":"Politecnico di Milano"},"content":{"rendered":"<p><img loading=\"lazy\" decoding=\"async\" class=\"aligncenter wp-image-1789\" src=\"http:\/\/www.sowatch.deib.polimi.it\/wp-content\/uploads\/2016\/11\/02_Polimi_bandiera_BN_positivo-copia-300x91.jpg\" alt=\"polimi bandiera -1\" width=\"340\" height=\"103\" data-id=\"1789\" srcset=\"https:\/\/www.sowatch.deib.polimi.it\/wp-content\/uploads\/2016\/11\/02_Polimi_bandiera_BN_positivo-copia-300x91.jpg 300w, https:\/\/www.sowatch.deib.polimi.it\/wp-content\/uploads\/2016\/11\/02_Polimi_bandiera_BN_positivo-copia-768x233.jpg 768w, https:\/\/www.sowatch.deib.polimi.it\/wp-content\/uploads\/2016\/11\/02_Polimi_bandiera_BN_positivo-copia.jpg 846w\" sizes=\"auto, (max-width: 340px) 100vw, 340px\" \/><\/p>\n<div class=\"page\" title=\"Page 23\">\n<div class=\"layoutArea\">\n<div class=\"column\">\n<p>Il Politecnico di Milano (POLIMI) \u00e8 una delle pi\u00f9 grandi universit\u00e0 tecniche in Europa. POLIMI partecipa con membri del gruppo di ricerca di <a href=\"http:\/\/www.nrm.deib.polimi.it\/\">Gestione delle Risorse Naturali<\/a> del Dipartimento di Elettronica, Informazione e Bioingegneria. POLIMI ha una lunga esperienza nello sviluppo di modelli e sistemi di supporto alle decisioni per la gestione partecipata e integrata delle risorse idriche.<\/p>\n<p>RUOLO: coordinatore del progetto, direttore della comunicazione, leader di WP1-5-6-7.<\/p>\n<table>\n<tbody>\n<tr>\n<td>\n<p><div id=\"attachment_1867\" style=\"width: 160px\" class=\"wp-caption alignleft\"><img loading=\"lazy\" decoding=\"async\" aria-describedby=\"caption-attachment-1867\" class=\"wp-image-1867 size-thumbnail\" src=\"http:\/\/www.sowatch.deib.polimi.it\/wp-content\/uploads\/2017\/04\/castelletti.jpg\" alt=\"\" width=\"150\" height=\"150\" data-id=\"1867\" \/><p id=\"caption-attachment-1867\" class=\"wp-caption-text\">Andrea Castelletti<\/p><\/div><\/td>\n<td>\n<p><div id=\"attachment_1866\" style=\"width: 160px\" class=\"wp-caption alignleft\"><img loading=\"lazy\" decoding=\"async\" aria-describedby=\"caption-attachment-1866\" class=\"wp-image-1866 size-thumbnail\" src=\"http:\/\/www.sowatch.deib.polimi.it\/wp-content\/uploads\/2017\/04\/giuliani.jpg\" alt=\"\" width=\"150\" height=\"150\" data-id=\"1866\" \/><p id=\"caption-attachment-1866\" class=\"wp-caption-text\">Matteo Giuliani<\/p><\/div><\/td>\n<\/tr>\n<\/tbody>\n<\/table>\n<table>\n<tbody>\n<tr>\n<td>\n<p><div id=\"attachment_1865\" style=\"width: 160px\" class=\"wp-caption alignleft\"><img loading=\"lazy\" decoding=\"async\" aria-describedby=\"caption-attachment-1865\" class=\"wp-image-1865 size-thumbnail\" src=\"http:\/\/www.sowatch.deib.polimi.it\/wp-content\/uploads\/2017\/04\/li.jpg\" alt=\"\" width=\"150\" height=\"150\" data-id=\"1865\" \/><p id=\"caption-attachment-1865\" class=\"wp-caption-text\">Yu Li<\/p><\/div><\/td>\n<td>\n<p><div id=\"attachment_1862\" style=\"width: 160px\" class=\"wp-caption alignleft\"><img loading=\"lazy\" decoding=\"async\" aria-describedby=\"caption-attachment-1862\" class=\"wp-image-1862 size-thumbnail\" src=\"http:\/\/www.sowatch.deib.polimi.it\/wp-content\/uploads\/2017\/04\/denaro.jpg\" alt=\"\" width=\"150\" height=\"150\" data-id=\"1862\" \/><p id=\"caption-attachment-1862\" class=\"wp-caption-text\">Simona Denaro<\/p><\/div><\/td>\n<\/tr>\n<\/tbody>\n<\/table>\n<table>\n<tbody>\n<tr>\n<td>\n<p><div id=\"attachment_1978\" style=\"width: 160px\" class=\"wp-caption alignleft\"><img loading=\"lazy\" decoding=\"async\" aria-describedby=\"caption-attachment-1978\" class=\"wp-image-1978 size-thumbnail\" src=\"http:\/\/www.sowatch.deib.polimi.it\/wp-content\/uploads\/2018\/04\/Zamberletti-150x150.jpg\" alt=\"\" width=\"150\" height=\"150\" data-id=\"1863\" \/><p id=\"caption-attachment-1978\" class=\"wp-caption-text\">Patrizia Zamberletti<\/p><\/div><\/td>\n<td>\n<p><div id=\"attachment_1863\" style=\"width: 160px\" class=\"wp-caption alignleft\"><img loading=\"lazy\" decoding=\"async\" aria-describedby=\"caption-attachment-1863\" class=\"wp-image-1863 size-thumbnail\" src=\"http:\/\/www.sowatch.deib.polimi.it\/wp-content\/uploads\/2017\/04\/micotti.jpg\" alt=\"\" width=\"150\" height=\"150\" data-id=\"1863\" \/><p id=\"caption-attachment-1863\" class=\"wp-caption-text\">Marco Micotti<\/p><\/div><\/td>\n<\/tr>\n<\/tbody>\n<\/table>\n<table>\n<tbody>\n<tr>\n<td>\n<p><div id=\"attachment_1864\" style=\"width: 160px\" class=\"wp-caption alignleft\"><img loading=\"lazy\" decoding=\"async\" aria-describedby=\"caption-attachment-1864\" class=\"size-full wp-image-1864\" src=\"http:\/\/www.sowatch.deib.polimi.it\/wp-content\/uploads\/2017\/04\/weber.jpg\" alt=\"\" width=\"150\" height=\"150\" data-id=\"1864\" \/><p id=\"caption-attachment-1864\" class=\"wp-caption-text\">Enrico Weber<\/p><\/div><\/td>\n<\/tr>\n<\/tbody>\n<\/table>\n<p><\/p>","protected":false},"excerpt":{"rendered":"<p>Il Politecnico di Milano (POLIMI) \u00e8 una delle pi\u00f9 grandi universit\u00e0 tecniche in Europa. POLIMI partecipa con membri del gruppo di ricerca di Gestione delle Risorse Naturali del Dipartimento di Elettronica, Informazione e Bioingegneria. POLIMI ha una lunga esperienza nello sviluppo di modelli e sistemi di supporto alle decisioni per la gestione partecipata e integrata [&hellip;]<\/p>\n","protected":false},"author":6,"featured_media":1690,"parent":0,"menu_order":0,"comment_status":"closed","ping_status":"closed","template":"","meta":{"footnotes":""},"class_list":["post-1773","page","type-page","status-publish","has-post-thumbnail","czr-hentry"],"_links":{"self":[{"href":"https:\/\/www.sowatch.deib.polimi.it\/index.php?rest_route=\/wp\/v2\/pages\/1773","targetHints":{"allow":["GET"]}}],"collection":[{"href":"https:\/\/www.sowatch.deib.polimi.it\/index.php?rest_route=\/wp\/v2\/pages"}],"about":[{"href":"https:\/\/www.sowatch.deib.polimi.it\/index.php?rest_route=\/wp\/v2\/types\/page"}],"author":[{"embeddable":true,"href":"https:\/\/www.sowatch.deib.polimi.it\/index.php?rest_route=\/wp\/v2\/users\/6"}],"replies":[{"embeddable":true,"href":"https:\/\/www.sowatch.deib.polimi.it\/index.php?rest_route=%2Fwp%2Fv2%2Fcomments&post=1773"}],"version-history":[{"count":28,"href":"https:\/\/www.sowatch.deib.polimi.it\/index.php?rest_route=\/wp\/v2\/pages\/1773\/revisions"}],"predecessor-version":[{"id":1981,"href":"https:\/\/www.sowatch.deib.polimi.it\/index.php?rest_route=\/wp\/v2\/pages\/1773\/revisions\/1981"}],"wp:featuredmedia":[{"embeddable":true,"href":"https:\/\/www.sowatch.deib.polimi.it\/index.php?rest_route=\/wp\/v2\/media\/1690"}],"wp:attachment":[{"href":"https:\/\/www.sowatch.deib.polimi.it\/index.php?rest_route=%2Fwp%2Fv2%2Fmedia&parent=1773"}],"curies":[{"name":"wp","href":"https:\/\/api.w.org\/{rel}","templated":true}]}}