{"id":1710,"date":"2016-08-26T06:38:54","date_gmt":"2016-08-26T06:38:54","guid":{"rendered":"http:\/\/www.sowatch.deib.polimi.it\/?page_id=1710"},"modified":"2016-11-04T11:43:47","modified_gmt":"2016-11-04T11:43:47","slug":"study-site","status":"publish","type":"page","link":"https:\/\/www.sowatch.deib.polimi.it\/?page_id=1710","title":{"rendered":"Caso di studio"},"content":{"rendered":"<p><img loading=\"lazy\" decoding=\"async\" class=\"alignright wp-image-1713 size-medium\" src=\"http:\/\/www.sowatch.deib.polimi.it\/wp-content\/uploads\/2016\/08\/Figure1-1.jpg\" alt=\"Map\" width=\"450\" height=\"450\" data-id=\"1713\" \/>Il progetto SO-WATCH verr\u00e0 sviluppato sul bacino idrico del Lago di Como.<br \/>\nPosizionato a sud delle Alpi, il bacino del lago \u00e8 un sistema idrico altamente antropizzato che comprende un grande lago regolato (capacit\u00e0 attiva pari a 247 milioni di m<sup>3<\/sup>), diversi serbatoi idroelettrici (capacit\u00e0 di invaso totale pari a 545 milioni di m<sup>3<\/sup>) e un&#8217;ampia area destinata ad agricoltura irrigua (1320 km<sup>2<\/sup>) prevalentemente coltivata a mais. Oltre a soddisfare il fabbisogno irriguo, il sistema \u00e8 gestito per\u00a0controllare le piene sia lungo le sponde del lago (soprattutto nella citt\u00e0 di Como) che lungo l&#8217;Adda e per interessi di tipo turistico e ambientale.<br \/>\nLa maggior parte della disponibilit\u00e0 idrica viene generata dallo scioglimento nivale nel periodo da Maggio a Luglio. Questo volume d&#8217;acqua viene poi ridistributito\u00a0durante l&#8217;anno\u00a0in maniera diversa a seconda dell&#8217;obiettivo considerato (produzione energetica o agricola). I serbatoi idroelettrici\u00a0accumulano i volumi idrici generati dallo scioglimento nivale e li rilasciano nell&#8217;inverno successivo quando la produzione di energia \u00e8 pi\u00f9 vantaggiosa perch\u00e8 i prezzi sono pi\u00f9 elevati. Viceversa, il Lago di Como tende a rilasciare acqua durante l&#8217;estate per soddisfare i fabbisogni irrigui a valle. Queste due diverse strategie generano quindi un conflitto tra agricoltori e compagnie idroelettriche, come accaduto durante le estati eccezionalmente secche\u00a0nel 2003, 2005 e 2006.\u00a0Secondo le\u00a0previsioni riguardanti i cambiamenti climatici, tali eventi diventeranno sempre pi\u00f9 frequenti nel futuro a causa di variazioni significative nelle precipitazioni e temperature dei sistemi Alpini, che impatteranno sul regime idrologico e la dinamica nivale. Oltre a rappresentare un caso di studio rilevante di per s\u00e9, il sistema del Lago di Como \u00e8 stato scelto in quanto pu\u00f2 essere considerato paradigmatico e rappresentativo di\u00a0molti sistemi Alpini caratterizzati dalla presenza di molti piccoli serbatoi idroelettrici\u00a0nella parte di monte, da un regime idrologico dominato dall&#8217;accumulo-scioglimento nivale, dalla presenza di un lago regolato e di molti utenti a valle, spesso con estese aree agricole.<\/p>\n<p>&nbsp;<\/p>","protected":false},"excerpt":{"rendered":"<p>Il progetto SO-WATCH verr\u00e0 sviluppato sul bacino idrico del Lago di Como. Posizionato a sud delle Alpi, il bacino del lago \u00e8 un sistema idrico altamente antropizzato che comprende un grande lago regolato (capacit\u00e0 attiva pari a 247 milioni di m3), diversi serbatoi idroelettrici (capacit\u00e0 di invaso totale pari a 545 milioni di m3) e [&hellip;]<\/p>\n","protected":false},"author":6,"featured_media":0,"parent":0,"menu_order":0,"comment_status":"closed","ping_status":"closed","template":"template-fullwidth.php","meta":{"footnotes":""},"class_list":["post-1710","page","type-page","status-publish","czr-hentry"],"_links":{"self":[{"href":"https:\/\/www.sowatch.deib.polimi.it\/index.php?rest_route=\/wp\/v2\/pages\/1710","targetHints":{"allow":["GET"]}}],"collection":[{"href":"https:\/\/www.sowatch.deib.polimi.it\/index.php?rest_route=\/wp\/v2\/pages"}],"about":[{"href":"https:\/\/www.sowatch.deib.polimi.it\/index.php?rest_route=\/wp\/v2\/types\/page"}],"author":[{"embeddable":true,"href":"https:\/\/www.sowatch.deib.polimi.it\/index.php?rest_route=\/wp\/v2\/users\/6"}],"replies":[{"embeddable":true,"href":"https:\/\/www.sowatch.deib.polimi.it\/index.php?rest_route=%2Fwp%2Fv2%2Fcomments&post=1710"}],"version-history":[{"count":13,"href":"https:\/\/www.sowatch.deib.polimi.it\/index.php?rest_route=\/wp\/v2\/pages\/1710\/revisions"}],"predecessor-version":[{"id":1767,"href":"https:\/\/www.sowatch.deib.polimi.it\/index.php?rest_route=\/wp\/v2\/pages\/1710\/revisions\/1767"}],"wp:attachment":[{"href":"https:\/\/www.sowatch.deib.polimi.it\/index.php?rest_route=%2Fwp%2Fv2%2Fmedia&parent=1710"}],"curies":[{"name":"wp","href":"https:\/\/api.w.org\/{rel}","templated":true}]}}