{"id":1698,"date":"2016-08-24T09:12:49","date_gmt":"2016-08-24T09:12:49","guid":{"rendered":"http:\/\/www.sowatch.deib.polimi.it\/?page_id=1698"},"modified":"2017-02-23T15:09:16","modified_gmt":"2017-02-23T15:09:16","slug":"project-description","status":"publish","type":"page","link":"https:\/\/www.sowatch.deib.polimi.it\/?page_id=1698","title":{"rendered":"Progetto"},"content":{"rendered":"<p><em>Numerose proiezioni affermano che la disponibilit\u00e0 di risorse idriche in Europa alla fine del 21 secolo sar\u00e0 significativamente alterata dalle attivit\u00e0 antropiche e dai cambiamenti climatici. Diversi bacini idrici, specialmente nella Penisola Iberica, in Italia e nei Balcani, diventeranno pi\u00f9 esposti a periodi di magra a causa dell\u2019incremento delle temperature, col rischio di produrre impatti significativi a livello sociale, ambientale ed economico.<\/em><\/p>\n<p><em>Per esempio, la Regione Lombardia negli ultimi 12 anni ha sofferto diversi periodi di magra (ad esempio nel 2003 e nel 2005), durante i quali furono registrate numerosi eventi critici in diversi bacini idrici. Questi periodi di magra inasprirono i conflitti tra i diversi portatori di interesse, generando rilevanti perdite economiche. In queste regioni diventa quindi fondamentale identificare strategie di adattamento per assicurare una produzione alimentare ed energetica adeguata e sostenibile da un punto di vista ambientale. Tuttavia, non \u00e8 semplice ed immediato comprendere completamente i rischi associati ai futuri eventi di magra per le diverse istituzioni coinvolte. L\u2019approccio prevalentemente adottato nel passato per risolvere problemi di scarsit\u00e0 d\u2019acqua si \u00e8 basato su interventi di tipo infrastrutturale come la costruzione di dighe e sistemi di distribuzione con l\u2019obiettivo di aumentare la capacit\u00e0 di fornitura idrica (hard-path). Al giorno d\u2019oggi questo approccio \u00e8 per\u00f2 non sostenibile da un punto di vista economico, sociale ed ambientale. In aggiunta, la non-stazionariet\u00e0 delle condizioni climatiche e socio-economiche rende difficile valutare i benefici e i costi di nuove infrastrutture, in quanto le condizioni passate non saranno pi\u00f9 valide nei prossimi anni. <\/em><\/p>\n<p><em>Il progetto SOWATCH\u00a0si propone di studiare diverse strategie di adattamento di tipo soft, ovvero di quelle misure che si basano sul maggiore uso di informazioni, sul miglioramento delle capacit\u00e0 predittive\u00a0e gestionali, piuttosto che su grandi interventi infrastrutturali, con lo scopo di aumentare la flessibilit\u00e0 del sistema nel gestire le risorse idriche in condizioni di cambiamento climatico e socio-economico. SOWATCH sar\u00e0 sviluppato sul sistema di risorse idriche del fiume Adda in Lombardia, con una particolare attenzione per la componente irrigua del sistema stesso.<\/em><\/p>\n<p><em>Gli obiettivi specifici di SOWATCH sono:<\/em><\/p>\n<ul>\n<li><em>comprendere le vulnerabilit\u00e0 della gestione attuale del sistema, valutando gli interessi di diversi settori in collaborazione con i portatori di interesse;<\/em><\/li>\n<li><em>sviluppare un modello fisico-decisionale integrato del sistema per simulare i cambiamenti nei processi naturali e antropici, la loro interazione e co-evoluzione in condizioni di cambiamento climatico e socio-economico;<\/em><\/li>\n<li><em>supportare l\u2019adattamento nella gestione delle risorse idriche attraverso l\u2019identificazione di soluzioni di tipo soft facilmente implementabili nel sistema<\/em><\/li>\n<li><em>sviluppare e condividere conoscenze sullo stato presente e futuro delle risorse idriche con tutti gli utenti, promuovendo social learning e sviluppando competenze avanzate favorendo lo scambio di know-how tra universit\u00e0, istituzioni, agenzie private e pubbliche, e cittadini.<\/em><\/li>\n<\/ul>\n<p>&nbsp;<\/p>","protected":false},"excerpt":{"rendered":"<p>Numerose proiezioni affermano che la disponibilit\u00e0 di risorse idriche in Europa alla fine del 21 secolo sar\u00e0 significativamente alterata dalle attivit\u00e0 antropiche e dai cambiamenti climatici. Diversi bacini idrici, specialmente nella Penisola Iberica, in Italia e nei Balcani, diventeranno pi\u00f9 esposti a periodi di magra a causa dell\u2019incremento delle temperature, col rischio di produrre impatti [&hellip;]<\/p>\n","protected":false},"author":6,"featured_media":1835,"parent":0,"menu_order":0,"comment_status":"closed","ping_status":"closed","template":"","meta":{"footnotes":""},"class_list":["post-1698","page","type-page","status-publish","has-post-thumbnail","czr-hentry"],"_links":{"self":[{"href":"https:\/\/www.sowatch.deib.polimi.it\/index.php?rest_route=\/wp\/v2\/pages\/1698","targetHints":{"allow":["GET"]}}],"collection":[{"href":"https:\/\/www.sowatch.deib.polimi.it\/index.php?rest_route=\/wp\/v2\/pages"}],"about":[{"href":"https:\/\/www.sowatch.deib.polimi.it\/index.php?rest_route=\/wp\/v2\/types\/page"}],"author":[{"embeddable":true,"href":"https:\/\/www.sowatch.deib.polimi.it\/index.php?rest_route=\/wp\/v2\/users\/6"}],"replies":[{"embeddable":true,"href":"https:\/\/www.sowatch.deib.polimi.it\/index.php?rest_route=%2Fwp%2Fv2%2Fcomments&post=1698"}],"version-history":[{"count":7,"href":"https:\/\/www.sowatch.deib.polimi.it\/index.php?rest_route=\/wp\/v2\/pages\/1698\/revisions"}],"predecessor-version":[{"id":1840,"href":"https:\/\/www.sowatch.deib.polimi.it\/index.php?rest_route=\/wp\/v2\/pages\/1698\/revisions\/1840"}],"wp:featuredmedia":[{"embeddable":true,"href":"https:\/\/www.sowatch.deib.polimi.it\/index.php?rest_route=\/wp\/v2\/media\/1835"}],"wp:attachment":[{"href":"https:\/\/www.sowatch.deib.polimi.it\/index.php?rest_route=%2Fwp%2Fv2%2Fmedia&parent=1698"}],"curies":[{"name":"wp","href":"https:\/\/api.w.org\/{rel}","templated":true}]}}